{"id":73,"date":"2018-05-18T15:45:54","date_gmt":"2018-05-18T15:45:54","guid":{"rendered":"http:\/\/mancomunidadtierradelvino.es\/?page_id=73"},"modified":"2019-11-11T14:49:35","modified_gmt":"2019-11-11T14:49:35","slug":"aviso-legal","status":"publish","type":"page","link":"https:\/\/mancomunidadtierradelvino.es\/index.php\/aviso-legal\/","title":{"rendered":"Aviso Legal y Pol\u00edtica de Privacidad"},"content":{"rendered":"<p><strong>Condiciones generales de uso<\/strong><\/p>\n<p>MANCOMUNIDAD DE MUNICIPIOS \u201cTIERRA DEL VINO\u201d es titular de https:\/\/mancomunidadtierradelvino.es<\/p>\n<p><strong>De acuerdo con el art\u00edculo 10 de la Ley 34\/2002, de 11 de julio, de Servicios de la Sociedad de la Informaci\u00f3n y de Comercio Electr\u00f3nico ponemos a<\/strong>\u00a0su<strong>\u00a0disposici\u00f3n los siguientes datos:<\/strong><\/p>\n<p>MANCOMUNIDAD DE MUNICIPIOS \u201cTIERRA DEL VINO\u201d\u00a0 est\u00e1 domiciliada en Plaza Ram\u00f3n y Cajal n\u00ba10, 49700 Corrales del Vino (Zamora) de <strong>C.I.F.: G-49135387<\/strong><\/p>\n<p>En la web www.mancomunidadtierradelvino.es hay una serie de contenidos de car\u00e1cter informativo sobre el actividades, enlaces, informaci\u00f3n y fotograf\u00edas de este mancomunidad.<\/p>\n<p><strong>Su principal objetivo<\/strong> es facilitar informaci\u00f3n relativa sobre La Mancomunidad de municipios \u00abTierra del Vino\u00bb y los servicios que se ofrecen.<\/p>\n<p><strong>POL\u00cdTICA DE PRIVACIDAD<\/strong><\/p>\n<p>En cumplimiento de el Reglamento (UE) 2016\/679 de 27 de abril de 2016 (RGPD), relativo a la protecci\u00f3n de las personas f\u00edsicas en lo que respecta al tratamiento de datos personales y a la libre circulaci\u00f3n de estos datos y la Ley Org\u00e1nica (ES) 15\/1999 de 13 de diciembre (LOPD) relativa a la protecci\u00f3n de datos de car\u00e1cter personal se informa al usuario que todos los datos que nos proporcione ser\u00e1n incorporados a un fichero, creado y mantenido bajo la responsabilidad de MANCOMUNIDAD DE MUNICIPIOS \u201cTIERRA DEL VINO\u201d.<\/p>\n<p>Siempre se va a respetar la confidencialidad de sus datos personales que s\u00f3lo ser\u00e1n utilizados con la finalidad de gestionar los servicios ofrecidos, atender a las solicitudes que nos plantee, realizar tareas administrativas, as\u00ed como remitir informaci\u00f3n t\u00e9cnica, comercial o publicitaria por v\u00eda ordinaria o electr\u00f3nica.<\/p>\n<p>Para ejercer sus derechos de oposici\u00f3n, rectificaci\u00f3n o cancelaci\u00f3n deber\u00e1 escribirnos al siguiente correo secretario@mancomunidadtierradelvino.es<\/p>\n<p><strong>CONDICIONES DE USO<\/strong><\/p>\n<p>Las condiciones de acceso y uso del presente sitio web se rigen por la legalidad vigente y por el principio de buena fe comprometi\u00e9ndose el usuario a realizar un buen uso de la web. No se permiten conductas que vayan contra la ley, los derechos o intereses de terceros.<\/p>\n<p>Ser usuario de la web www.mancomunidadtierradelvino.es implica que reconoce haber le\u00eddo y aceptado las presentes condiciones y lo que las extienda la normativa legal aplicable en esta materia. Si por el motivo que fuere no est\u00e1 de acuerdo con estas condiciones no contin\u00fae usando esta web.<\/p>\n<p>Cualquier tipo de notificaci\u00f3n y\/o reclamaci\u00f3n solamente ser\u00e1 v\u00e1lida por notificaci\u00f3n escrita y\/o correo certificado.<\/p>\n<p><strong>RESPONSABILIDADES<\/strong><\/p>\n<p>MANCOMUNIDAD DE MUNICIPIOS \u201cTIERRA DEL VINO\u201d no se hace responsable de la informaci\u00f3n y contenidos almacenados en foros, redes sociales o cualesquier otro medio que permita a terceros publicar contenidos de forma independiente en la p\u00e1gina web del prestador.<\/p>\n<p>Sin embargo, teniendo en cuenta los art. 11 y 16 de la LSSI-CE, MANCOMUNIDAD DE MUNICIPIOS \u201cTIERRA DEL VINO\u201d\u00a0 se compromete a la retirada o en su caso bloqueo de aquellos contenidos que pudieran afectar o contravenir la legislaci\u00f3n nacional o internacional, derechos de terceros o la moral y el orden p\u00fablico.<\/p>\n<p>Tampoco la entidad se responsabilizar\u00e1 de los da\u00f1os y perjuicios que se produzcan por fallos o malas configuraciones del software instalado en el ordenador del internauta. Se excluye toda responsabilidad por alguna incidencia t\u00e9cnica o fallo que se produzca cuando el usuario se conecte a internet. Igualmente no se garantiza la inexistencia de interrupciones o errores en el acceso al sitio web.<\/p>\n<p>As\u00ed mismo, MANCOMUNIDAD DE MUNICIPIOS \u201cTIERRA DEL VINO\u201d se reserva el derecho a actualizar, modificar o eliminar la informaci\u00f3n contenida en su p\u00e1gina web, as\u00ed como la configuraci\u00f3n o presentaci\u00f3n del mismo, en cualquier momento sin asumir alguna responsabilidad por ello.<\/p>\n<p><strong>PROPIEDAD INTELECTUAL E INDUSTRIAL<\/strong><\/p>\n<p>MANCOMUNIDAD DE MUNICIPIOS \u201cTIERRA DEL VINO\u201d es titular de todos los derechos sobre el software de la publicaci\u00f3n digital as\u00ed como de los derechos de propiedad industrial e intelectual referidos a los contenidos que se incluyan, a excepci\u00f3n de los derechos sobre productos y servicios de car\u00e1cter p\u00fablico que no son propiedad de esta entidad local.<\/p>\n<p>Ning\u00fan material publicado en esta web podr\u00e1 ser reproducido, copiado o publicado sin el consentimiento por escrito de MANCOMUNIDAD DE MUNICIPIOS \u201cTIERRA DEL VINO\u201d.<\/p>\n<p>Toda la informaci\u00f3n que se reciba en la web, como comentarios, sugerencias o ideas, se considerar\u00e1 cedida a MANCOMUNIDAD DE MUNICIPIOS \u201cTIERRA DEL VINO\u201d de manera gratuita. No debe enviarse informaci\u00f3n que NO pueda ser tratada de este modo.<\/p>\n<p><strong>LEY APLICABLE Y JURISDICCI\u00d3N<\/strong><\/p>\n<p>Las presentes condiciones generales se rigen por la legislaci\u00f3n espa\u00f1ola. Para cualquier litigio que pudiera surgir relacionado con el sitio web o la actividad que en \u00e9l se desarrolla ser\u00e1n competentes Juzgados de Zamora, renunciando expresamente el usuario a cualquier otro fuero que pudiera corresponderle.<\/p>\n<p><strong>POL\u00cdTICA DE COOKIES<\/strong><\/p>\n<p>MANCOMUNIDAD DE MUNICIPIOS \u201cTIERRA DEL VINO\u201d por su propia cuenta o la de un tercero contratado para prestaci\u00f3n de servicios de medici\u00f3n, pueden utilizar cookies cuando el usuario navega por el sitio web. Las cookies son ficheros enviados al navegador por medio de un servicio web con la finalidad de registrar las actividades del usuario durante su tiempo de navegaci\u00f3n.<\/p>\n<p>Las cookies utilizadas se asocian \u00fanicamente con un usuario an\u00f3nimo y su ordenador, y no proporcionan por s\u00ed mismas los datos personales del usuario.<\/p>\n<p>Mediante el uso de las cookies resulta posible que el servidor donde se encuentra la web reconozca el navegador web utilizado por el usuario con la finalidad de que la navegaci\u00f3n sea m\u00e1s sencilla. Se utilizan tambi\u00e9n para medir la audiencia y par\u00e1metros del tr\u00e1fico, controlar el proceso y n\u00famero de entradas.<\/p>\n<p>El usuario tiene la posibilidad de configurar su navegador para ser avisado de la recepci\u00f3n de cookies y para impedir su instalaci\u00f3n en su equipo. Por favor consulte las instrucciones y manuales de su navegador para ampliar esta informaci\u00f3n.<\/p>\n<p>Para utilizar el sitio web no es necesario que el usuario permita la instalaci\u00f3n de las cookies enviadas al sitio web, o el tercero que act\u00fae en su nombre, sin perjuicio de que sea necesario que el usuario inicie una sesi\u00f3n tal en cada uno de los servicios cuya prestaci\u00f3n requiera el previo registro.<\/p>\n<p>En todo caso las cookies tienen un car\u00e1cter temporal con la \u00fanica finalidad de hacer m\u00e1s eficaz su transmisi\u00f3n ulterior. En ning\u00fan caso se utilizar\u00e1 cookies para recoger informaci\u00f3n de car\u00e1cter personal.<\/p>\n","protected":false},"excerpt":{"rendered":"<p>Condiciones generales de uso MANCOMUNIDAD DE MUNICIPIOS \u201cTIERRA DEL VINO\u201d es titular de https:\/\/mancomunidadtierradelvino.es De acuerdo con el art\u00edculo 10 de la Ley 34\/2002, de 11 de julio, de Servicios de la Sociedad de la Informaci\u00f3n y de Comercio Electr\u00f3nico ponemos a\u00a0su\u00a0disposici\u00f3n los siguientes datos: MANCOMUNIDAD DE MUNICIPIOS \u201cTIERRA DEL VINO\u201d\u00a0 est\u00e1 domiciliada en Plaza <a class=\"more-link\" href=\"https:\/\/mancomunidadtierradelvino.es\/index.php\/aviso-legal\/\">Leer m\u00e1s &#8230;<\/a><\/p>\n","protected":false},"author":1,"featured_media":0,"parent":0,"menu_order":0,"comment_status":"closed","ping_status":"closed","template":"","meta":{"footnotes":""},"aioseo_notices":[],"_links":{"self":[{"href":"https:\/\/mancomunidadtierradelvino.es\/index.php\/wp-json\/wp\/v2\/pages\/73"}],"collection":[{"href":"https:\/\/mancomunidadtierradelvino.es\/index.php\/wp-json\/wp\/v2\/pages"}],"about":[{"href":"https:\/\/mancomunidadtierradelvino.es\/index.php\/wp-json\/wp\/v2\/types\/page"}],"author":[{"embeddable":true,"href":"https:\/\/mancomunidadtierradelvino.es\/index.php\/wp-json\/wp\/v2\/users\/1"}],"replies":[{"embeddable":true,"href":"https:\/\/mancomunidadtierradelvino.es\/index.php\/wp-json\/wp\/v2\/comments?post=73"}],"version-history":[{"count":9,"href":"https:\/\/mancomunidadtierradelvino.es\/index.php\/wp-json\/wp\/v2\/pages\/73\/revisions"}],"predecessor-version":[{"id":97,"href":"https:\/\/mancomunidadtierradelvino.es\/index.php\/wp-json\/wp\/v2\/pages\/73\/revisions\/97"}],"wp:attachment":[{"href":"https:\/\/mancomunidadtierradelvino.es\/index.php\/wp-json\/wp\/v2\/media?parent=73"}],"curies":[{"name":"wp","href":"https:\/\/api.w.org\/{rel}","templated":true}]}}