{"id":50,"date":"2017-07-03T14:51:14","date_gmt":"2017-07-03T14:51:14","guid":{"rendered":"http:\/\/mancomunidadtierradelvino.es\/?page_id=50"},"modified":"2018-07-24T11:37:42","modified_gmt":"2018-07-24T11:37:42","slug":"enlaces","status":"publish","type":"page","link":"https:\/\/mancomunidadtierradelvino.es\/index.php\/enlaces\/","title":{"rendered":"Enlaces"},"content":{"rendered":"<p>Conoce los pueblos a trav\u00e9s de sus enlaces y sitios de inter\u00e9s que forman la Mancomunidad Tierra del Vino.<\/p>\n<p><strong>ARCENILLAS<\/strong><\/p>\n<hr \/>\n<p><strong>EL PERDIG\u00d3N<\/strong><\/p>\n<hr \/>\n<p><strong>ENTRALA<\/strong><\/p>\n<hr \/>\n<p><strong>CASASECA DE CAMPEAN<\/strong><\/p>\n<hr \/>\n<p><strong>CASASECA DE LAS CHANAS<\/strong><\/p>\n<hr \/>\n<p><strong>CORRALES DEL VINO<\/strong><\/p>\n<p><a href=\"http:\/\/www.aytocorrales.es\/\" target=\"_blank\">P\u00c1GINA WEB DEL AYUNTAMIENTO DE CORRALES DEL VINO<\/a><\/p>\n<hr \/>\n<p><strong>CUBO DEL VINO<\/strong><\/p>\n<p><a href=\"http:\/\/www.cubodelvino.es\/\" target=\"_blank\">P\u00c1GINA WEB DEL AYUNTAMIENTO DEL CUBO DEL VINO<\/a><\/p>\n<hr \/>\n<p><strong>CUELGAMURES<\/strong><\/p>\n<hr \/>\n<p><strong>EL PI\u00d1ERO<\/strong><\/p>\n<p><a href=\"http:\/\/ayuntamientoelpinero.es\/\" target=\"_blank\">P\u00c1GINA WEB DEL AYUNTAMIENTO DEL PI\u00d1ERO<\/a><\/p>\n<hr \/>\n<p><strong>FUENTESPREADAS<\/strong><\/p>\n<hr \/>\n<p><strong>GEMA DEL VINO<\/strong><\/p>\n<hr \/>\n<p><strong>MADRIDANOS<\/strong><\/p>\n<hr \/>\n<p><strong>MAYALDE<\/strong><\/p>\n<hr \/>\n<p><strong>MORALEJA DEL VINO<\/strong><\/p>\n<p><a href=\"http:\/\/aytomoraleja.es\/\" target=\"_blank\">P\u00c1GINA WEB DEL AYUNTAMIENTO DE MORALEJA DEL VINO<\/a><\/p>\n<hr \/>\n<p><strong>MORALES DEL VINO<\/strong><\/p>\n<p><a href=\"http:\/\/www.moralesdelvino.es\/\" target=\"_blank\">P\u00c1GINA WEB DEL AYUNTAMIENTO DE MORALES DEL VINO<\/a><\/p>\n<hr \/>\n<p><strong>PELEAGONZALO<\/strong><\/p>\n<hr \/>\n<p><strong>PELEAS DE ABAJO<\/strong><\/p>\n<p><a href=\"http:\/\/www.actiweb.es\/peleasdeabajo\/\" target=\"_blank\">P\u00c1GINA WEB DEL AYUNTAMIENTO DE PELEAS DE ABAJO<\/a><\/p>\n<hr \/>\n<p><strong>SANTA CLARA DE AVEDILLO<\/strong><\/p>\n<hr \/>\n<p><strong>SANZOLES<\/strong><\/p>\n<p><a href=\"http:\/\/www.telecentrodesanzoles.blogspot.com.es\" target=\"_blank\">BLOG DEL TELECENTRO DE SANZOLES<\/a><\/p>\n<p><a href=\"https:\/\/www.turismoenzamora.es\/index.php\/es\/municipios\/item\/800-sanzoles\" target=\"_blank\">TURISMO EN ZAMORA, SANZOLES<\/a><\/p>\n<p><a href=\"http:\/\/www.terraduero.info\/detalle.php?alias=Sanzoles\" target=\"_blank\">TERRADUERO, SANZOLES<\/a><\/p>\n<p><a href=\"http:\/\/www.jcyl.es\/jcyl\/patrimoniocultural\/mascaradas\/sanzoles.html\" target=\"_blank\">MASCARADAS EN CASTILLA Y LE\u00d3N, SANZOLES<\/a><\/p>\n<hr \/>\n<p><strong>VALDEFINJAS<\/strong><\/p>\n<hr \/>\n<p><strong>VENIALBO<\/strong><\/p>\n<p><a href=\"http:\/\/www.venialbo.es\/\" target=\"_blank\">P\u00c1GINA WEB DEL AYUNTAMIENTO DE VENIALBO<\/a><\/p>\n<hr \/>\n<p><strong>VILLALAZ\u00c1N<\/strong><\/p>\n<hr \/>\n<p><strong>VILLARALBO<\/strong><\/p>\n<p><a href=\"http:\/\/www.ayuntamientodevillaralbo.es\" target=\"_blank\">P\u00c1GINA WEB AYUNTAMIENTO DE VILLARALBO<\/a><\/p>\n<p><a href=\"http:\/\/villaralbo.sedelectronica.es\" target=\"_blank\">SEDE ELECTR\u00d3NICA<\/a><\/p>\n","protected":false},"excerpt":{"rendered":"<p>Conoce los pueblos a trav\u00e9s de sus enlaces y sitios de inter\u00e9s que forman la Mancomunidad Tierra del Vino. ARCENILLAS EL PERDIG\u00d3N ENTRALA CASASECA DE CAMPEAN CASASECA DE LAS CHANAS CORRALES DEL VINO P\u00c1GINA WEB DEL AYUNTAMIENTO DE CORRALES DEL VINO CUBO DEL VINO P\u00c1GINA WEB DEL AYUNTAMIENTO DEL CUBO DEL VINO CUELGAMURES EL PI\u00d1ERO <a class=\"more-link\" href=\"https:\/\/mancomunidadtierradelvino.es\/index.php\/enlaces\/\">Leer m\u00e1s &#8230;<\/a><\/p>\n","protected":false},"author":1,"featured_media":0,"parent":0,"menu_order":0,"comment_status":"closed","ping_status":"closed","template":"","meta":{"footnotes":""},"aioseo_notices":[],"_links":{"self":[{"href":"https:\/\/mancomunidadtierradelvino.es\/index.php\/wp-json\/wp\/v2\/pages\/50"}],"collection":[{"href":"https:\/\/mancomunidadtierradelvino.es\/index.php\/wp-json\/wp\/v2\/pages"}],"about":[{"href":"https:\/\/mancomunidadtierradelvino.es\/index.php\/wp-json\/wp\/v2\/types\/page"}],"author":[{"embeddable":true,"href":"https:\/\/mancomunidadtierradelvino.es\/index.php\/wp-json\/wp\/v2\/users\/1"}],"replies":[{"embeddable":true,"href":"https:\/\/mancomunidadtierradelvino.es\/index.php\/wp-json\/wp\/v2\/comments?post=50"}],"version-history":[{"count":20,"href":"https:\/\/mancomunidadtierradelvino.es\/index.php\/wp-json\/wp\/v2\/pages\/50\/revisions"}],"predecessor-version":[{"id":89,"href":"https:\/\/mancomunidadtierradelvino.es\/index.php\/wp-json\/wp\/v2\/pages\/50\/revisions\/89"}],"wp:attachment":[{"href":"https:\/\/mancomunidadtierradelvino.es\/index.php\/wp-json\/wp\/v2\/media?parent=50"}],"curies":[{"name":"wp","href":"https:\/\/api.w.org\/{rel}","templated":true}]}}