{"id":2,"date":"2016-04-05T21:03:10","date_gmt":"2016-04-05T21:03:10","guid":{"rendered":"http:\/\/mancomunidadtierradelvino.es\/?page_id=2"},"modified":"2018-07-24T11:24:15","modified_gmt":"2018-07-24T11:24:15","slug":"pagina-ejemplo","status":"publish","type":"page","link":"https:\/\/mancomunidadtierradelvino.es\/","title":{"rendered":"Inicio"},"content":{"rendered":"<p style=\"text-align: justify;\"><span style=\"font-size: 18pt;\">Fines de la Mancomunidad Tierra del Vino:<\/span><\/p>\n<p style=\"text-align: justify;\">Recogida, transporte, vertido y tratamiento de residuos s\u00f3lidos urbanos. Protecci\u00f3n del medio ambiente y, en general, conservaci\u00f3n de la naturaleza.<\/p>\n<p style=\"text-align: justify;\"><strong>Protecci\u00f3n civil<\/strong>. Prevenci\u00f3n y extinci\u00f3n de incendios. Protecci\u00f3n de la salubridad p\u00fablica. Participaci\u00f3n en la gesti\u00f3n de la atenci\u00f3n primaria de la salud. Servicios sociales y de promoci\u00f3n y reinserci\u00f3n social. Ordenaci\u00f3n, gesti\u00f3n, ejecuci\u00f3n y disciplina urban\u00edstica. Pavimentaci\u00f3n de v\u00edas p\u00fablicas urbanas. Conservaci\u00f3n de caminos y v\u00edas rurales. Parques y jardines.<\/p>\n<p style=\"text-align: justify;\">Creaci\u00f3n, mantenimiento y conservaci\u00f3n de instalaciones y <strong>redes de suministro<\/strong> y evacuaci\u00f3n, cloraci\u00f3n y saneamiento. Creaci\u00f3n, mantenimiento y conservaci\u00f3n de alumbrado p\u00fablico. Asistencia t\u00e9cnica y administrativa. Recaudaci\u00f3n de recursos econ\u00f3micos. Fomento del turismo y creaci\u00f3n de las correspondientes infraestructuras. Fomento del sector agr\u00edcola, vin\u00edcola, ganadero y forestal. Promoci\u00f3n, fomento y desarrollo de la cultura. Promoci\u00f3n, fomento y desarrollo del deporte. Servicio de matadero.<\/p>\n","protected":false},"excerpt":{"rendered":"<p>Fines de la Mancomunidad Tierra del Vino: Recogida, transporte, vertido y tratamiento de residuos s\u00f3lidos urbanos. Protecci\u00f3n del medio ambiente y, en general, conservaci\u00f3n de la naturaleza. Protecci\u00f3n civil. Prevenci\u00f3n y extinci\u00f3n de incendios. Protecci\u00f3n de la salubridad p\u00fablica. Participaci\u00f3n en la gesti\u00f3n de la atenci\u00f3n primaria de la salud. Servicios sociales y de promoci\u00f3n <a class=\"more-link\" href=\"https:\/\/mancomunidadtierradelvino.es\/\">Leer m\u00e1s &#8230;<\/a><\/p>\n","protected":false},"author":1,"featured_media":0,"parent":0,"menu_order":0,"comment_status":"closed","ping_status":"open","template":"","meta":{"footnotes":""},"aioseo_notices":[],"_links":{"self":[{"href":"https:\/\/mancomunidadtierradelvino.es\/index.php\/wp-json\/wp\/v2\/pages\/2"}],"collection":[{"href":"https:\/\/mancomunidadtierradelvino.es\/index.php\/wp-json\/wp\/v2\/pages"}],"about":[{"href":"https:\/\/mancomunidadtierradelvino.es\/index.php\/wp-json\/wp\/v2\/types\/page"}],"author":[{"embeddable":true,"href":"https:\/\/mancomunidadtierradelvino.es\/index.php\/wp-json\/wp\/v2\/users\/1"}],"replies":[{"embeddable":true,"href":"https:\/\/mancomunidadtierradelvino.es\/index.php\/wp-json\/wp\/v2\/comments?post=2"}],"version-history":[{"count":11,"href":"https:\/\/mancomunidadtierradelvino.es\/index.php\/wp-json\/wp\/v2\/pages\/2\/revisions"}],"predecessor-version":[{"id":88,"href":"https:\/\/mancomunidadtierradelvino.es\/index.php\/wp-json\/wp\/v2\/pages\/2\/revisions\/88"}],"wp:attachment":[{"href":"https:\/\/mancomunidadtierradelvino.es\/index.php\/wp-json\/wp\/v2\/media?parent=2"}],"curies":[{"name":"wp","href":"https:\/\/api.w.org\/{rel}","templated":true}]}}